{"id":203,"date":"2015-03-02T16:20:01","date_gmt":"2015-03-02T14:20:01","guid":{"rendered":"http:\/\/synthesis.ipet.gr\/portal\/?page_id=203"},"modified":"2015-10-19T12:51:57","modified_gmt":"2015-10-19T09:51:57","slug":"information-fr","status":"publish","type":"page","link":"http:\/\/synthesis.ipet.gr\/portal\/information-fr\/","title":{"rendered":"Informations"},"content":{"rendered":"<div class=\"two_thirds_left\">\n<h3>Informations sur &#8216;Synth\u00e8se&#8217;<\/h3>\n<p>&#8216;Synth\u00e8se&#8217;, tir\u00e9e par une approche p\u00e9dagogique est inspir\u00e9 par le travail de penseurs exceptionnels artistes du 20\u00e8me si\u00e8cle que les mari\u00e9s mouvements artistiques internationaux avec l&#8217;hell\u00e9nisme et \u00e9taient pr\u00e9curseur ou suivi le rythme de la G\u00e9n\u00e9ration de 1930 en Gr\u00e8ce. Une r\u00e9f\u00e9rence de cette \u00e9poque est l&#8217;\u0153uvre de l&#8217;importante peintre grec du 20\u00e8me si\u00e8cle Spyros Papaloukas, beaucoup de travail whos est pr\u00e9serv\u00e9e et affich\u00e9e dans la Vasilis et Marina Theocharakis Beaux-Arts et de la Musique de la Fondation&#8217; (THF). ThF constitue une institution de la Croix-culturel qui pr\u00e9sente des \u00e9l\u00e9ments culturels importants pour le grand public, pr\u00e9serve et les enrichit gr\u00e2ce \u00e0 l&#8217;interaction cr\u00e9ative avec d&#8217;autres \u00e9l\u00e9ments culturels.<\/p>\n<p>Dans cet esprit, le travail de Papaloukas se connecte avec les Acropolis-Philopappou projets de l&#8217;architecte Dimitris Pikionis et les oeuvres de Hadjikyriakos-Gikas et Parthenis, avec qui avait Spyros Papaloukas relation spirituelle \u00e9troite, avec ses sources d&#8217;inspiration, \u00e0 savoir l&#8217;Antiquit\u00e9, Byzance et art moderne en Europe et de l&#8217;art populaire grec, de fa\u00e7on \u00e0 mettre en \u00e9vidence les relations multiformes existantes entre les auteurs et entit\u00e9s\/\u00e9v\u00e9nements qui composent notre espace exp\u00e9rientiel. &#8216;Synth\u00e8se&#8217; est bas\u00e9 sur les derniers d\u00e9veloppements en technologies de l&#8217;information et de la communication fournie et support\u00e9e par Recherche et Innovation Centre \u00abAthena\u00bb, qui est le centre de recherche le plus sp\u00e9cialis\u00e9 dans les TIC en Gr\u00e8ce.<\/p>\n<\/div>\n<div class=\"one_third_right\">\n<h3>Fondation Theocharakis<\/h3>\n<ul>\n<li class=\"info-phone\">+30 2103611206<\/li>\n<li class=\"info-address\">Vasilissis Sofias 9 &#038; Merlin 1, 106 71, Ath\u00e8nes<\/li>\n<li class=\"info-email\"><a href=\"mailto:info@thf.gr\">info at thf.gr. <\/a><\/li>\n<li class=\"info-website\"><a href=\"http:\/\/www.thf.gr\/\" target=\"_blank\">thf.gr<\/a><\/li>\n<\/ul>\n<\/div>\n<div class=\"one_third_right\">\n<h3>Centre de Recherche et Innovation &#8216;Athena&#8217;<\/h3>\n<ul>\n<li class=\"info-phone\">+30 2106875300<\/li>\n<li class=\"info-address\">Artemidos 6 &#038; Epidavrou, Paradeisos Amarousiou, 151 25 Ath\u00e8nes<\/li>\n<li class=\"info-email\"><a href=\"mailto:info@athena-innovation.gr\">info at athena-innovation.gr. <\/a><\/li>\n<li class=\"info-website\"><a href=\"http:\/\/www.athena-innovation.gr\/\" target=\"_blank\">athena-innovation.gr<\/a><\/li>\n<\/ul>\n<\/div>\n<div class=\"full_page\">\n<h3>Cr\u00e9dits<\/h3>\n<ul>\n<li>Vasilis Charitos<\/li>\n<li>Evangelia Efthimiadou<\/li>\n<li>Foula Karela<\/li>\n<li>Kalliopi Kirdi<\/li>\n<li>Chairi Kiourt<\/li>\n<li>Despoina Korentini<\/li>\n<li>Alexandra Fiotaki<\/li>\n<li>Antonia Fotopoulou<\/li>\n<li>Efthimia Georgiadou-Kountoura<\/li>\n<li>Stella Markantonatou<\/li>\n<li>Panagiotis Minos<\/li>\n<li>Eleni Pantazi<\/li>\n<li>Lina Papaevangelou<\/li>\n<li>Fotis Papathanasiou<\/li>\n<li>Katia Papaspiliopoulou<\/li>\n<li>George Pavidis<\/li>\n<li>Georgia Petsa<\/li>\n<li>Eliza Polichroniadou<\/li>\n<li>Alexandros-Panagiotis Tenekoudis<\/li>\n<li>Panagiotis Tsiridis<\/li>\n<li>Katerina Tzortzi<\/li>\n<li>Lazaros Vrisis<\/li>\n<\/ul>\n<\/div>\n<div class=\"full_page\">\n<p>&nbsp;<\/p>\n<\/div>\n<div class=\"full_page\">\n<h3>Portail trafic<\/h3>\n<p><div class='powr-hit-counter' label='home-fr'><\/div><br \/>\n<div id=\"useronline-details\"><p>There is <strong>1 User<\/strong> online now: <strong>0 Members<\/strong>, <strong>0 Guests<\/strong> and <strong>1 Bot<\/strong>.<\/p><p>Most users ever online were <strong>85<\/strong>, on <strong>13\/11\/2025 @ 17:35<\/strong><\/p><h2>1 Bot Online Now<\/h2><p><strong>#1 - ClaudeBot<\/strong>  on 20\/04\/2026 @ 19:18<br\/>Synth\u00e8se &raquo;  &raquo; Int\u00e9gration SocialeSynth\u00e8se [<a href=\"\/portal\/integration-sociale\/\">url<\/a>] <\/p>\n<\/div>\n<\/p><\/div>\n","protected":false},"excerpt":{"rendered":"<p>Informations sur &#8216;Synth\u00e8se&#8217; &#8216;Synth\u00e8se&#8217;, tir\u00e9e par une approche p\u00e9dagogique est inspir\u00e9 par le travail de penseurs exceptionnels artistes du 20\u00e8me si\u00e8cle que les mari\u00e9s mouvements artistiques internationaux avec l&#8217;hell\u00e9nisme et \u00e9taient pr\u00e9curseur ou suivi le rythme de la G\u00e9n\u00e9ration de 1930 en Gr\u00e8ce. Une r\u00e9f\u00e9rence de cette \u00e9poque est l&#8217;\u0153uvre de l&#8217;importante peintre grec du 20\u00e8me si\u00e8cle Spyros Papaloukas, beaucoup de travail whos est pr\u00e9serv\u00e9e et affich\u00e9e dans la Vasilis et Marina Theocharakis Beaux-Arts et de la Musique de la&#8230;<\/p>\n","protected":false},"author":2,"featured_media":0,"parent":0,"menu_order":0,"comment_status":"closed","ping_status":"closed","template":"page_with_sidebar.php","meta":{"_bbp_topic_count":0,"_bbp_reply_count":0,"_bbp_total_topic_count":0,"_bbp_total_reply_count":0,"_bbp_voice_count":0,"_bbp_anonymous_reply_count":0,"_bbp_topic_count_hidden":0,"_bbp_reply_count_hidden":0,"_bbp_forum_subforum_count":0,"footnotes":""},"class_list":["post-203","page","type-page","status-publish","hentry"],"_links":{"self":[{"href":"http:\/\/synthesis.ipet.gr\/portal\/wp-json\/wp\/v2\/pages\/203","targetHints":{"allow":["GET"]}}],"collection":[{"href":"http:\/\/synthesis.ipet.gr\/portal\/wp-json\/wp\/v2\/pages"}],"about":[{"href":"http:\/\/synthesis.ipet.gr\/portal\/wp-json\/wp\/v2\/types\/page"}],"author":[{"embeddable":true,"href":"http:\/\/synthesis.ipet.gr\/portal\/wp-json\/wp\/v2\/users\/2"}],"replies":[{"embeddable":true,"href":"http:\/\/synthesis.ipet.gr\/portal\/wp-json\/wp\/v2\/comments?post=203"}],"version-history":[{"count":6,"href":"http:\/\/synthesis.ipet.gr\/portal\/wp-json\/wp\/v2\/pages\/203\/revisions"}],"predecessor-version":[{"id":2037,"href":"http:\/\/synthesis.ipet.gr\/portal\/wp-json\/wp\/v2\/pages\/203\/revisions\/2037"}],"wp:attachment":[{"href":"http:\/\/synthesis.ipet.gr\/portal\/wp-json\/wp\/v2\/media?parent=203"}],"curies":[{"name":"wp","href":"https:\/\/api.w.org\/{rel}","templated":true}]}}