{"id":1257,"date":"2015-05-14T14:52:40","date_gmt":"2015-05-14T11:52:40","guid":{"rendered":"http:\/\/synthesis.ipet.gr\/portal\/?page_id=1257"},"modified":"2015-11-20T11:48:22","modified_gmt":"2015-11-20T09:48:22","slug":"french","status":"publish","type":"page","link":"http:\/\/synthesis.ipet.gr\/portal\/applications-en\/lessons-en\/french\/","title":{"rendered":"French"},"content":{"rendered":"<p>Use the <a target=\"_blank\" href=\"\/portal\/wp-content\/uploads\/2015\/05\/french_teacher_web.pdf\"> teacher&#8217;s guide <\/a> and <a target = \"_ blank\" href = \"\/portal\/wp-content\/uploads\/2015\/05\/french_student_web.pdf\"> student manual <\/a> to perform the activities described.<br \/>\nYou can use special cards from <a target=\"_blank\" href=\"\/portal\/wp-content\/uploads\/2015\/05\/french_cards_web.pdf\"> card file <\/a>.<\/p>\n<p><a target=\"_blank\" href=\"\/portal\/wp-content\/uploads\/2015\/02\/french_cards_web_1.jpg\"><img loading=\"lazy\" decoding=\"async\" src=\"\/portal\/wp-content\/uploads\/2015\/02\/french_cards_web_1-150x150.jpg\" alt=\"french_cards_web_1\" width=\"150\" height=\"150\" class=\"alignnone size-thumbnail wp-image-1271\" \/><\/a> <a target=\"_blank\" href=\"\/portal\/wp-content\/uploads\/2015\/02\/french_cards_web_2.jpg\"><img loading=\"lazy\" decoding=\"async\" src=\"\/portal\/wp-content\/uploads\/2015\/02\/french_cards_web_2-150x150.jpg\" alt=\"french_cards_web_2\" width=\"150\" height=\"150\" class=\"alignnone size-thumbnail wp-image-1270\" \/><\/a> <\/p>\n<h3> Activit\u00e9 1 <\/ h3><br \/>\n<iframe loading=\"lazy\"  style=\"display: block; margin: 0px auto;\"  id=\"_ytid_68139\"  width=\"480\" height=\"270\"  data-origwidth=\"480\" data-origheight=\"270\" src=\"https:\/\/www.youtube.com\/embed\/-zCadD4bBe8?enablejsapi=1&#038;autoplay=1&#038;cc_load_policy=0&#038;cc_lang_pref=&#038;iv_load_policy=1&#038;loop=1&#038;playlist=-zCadD4bBe8&#038;rel=0&#038;fs=1&#038;playsinline=1&#038;autohide=2&#038;theme=dark&#038;color=red&#038;controls=1&#038;disablekb=0&#038;\" class=\"__youtube_prefs__  epyt-is-override  no-lazyload\" title=\"\u03a7\u0397\u039c\u0395\u0399\u0391 - \u0394\u03c1\u03b1\u03c3\u03c4\u03b7\u03c1\u03b9\u03cc\u03c4\u03b7\u03c4\u03b1 1\"  allow=\"fullscreen; accelerometer; autoplay; clipboard-write; encrypted-media; gyroscope; picture-in-picture; web-share\" referrerpolicy=\"strict-origin-when-cross-origin\" allowfullscreen data-no-lazy=\"1\" data-skipgform_ajax_framebjll=\"\"><\/iframe><\/p>\n<h3> Activit\u00e9 2 <\/ h3><br \/>\n<iframe loading=\"lazy\"  style=\"display: block; margin: 0px auto;\"  id=\"_ytid_91263\"  width=\"480\" height=\"270\"  data-origwidth=\"480\" data-origheight=\"270\" src=\"https:\/\/www.youtube.com\/embed\/afMXe496eH4?enablejsapi=1&#038;autoplay=1&#038;cc_load_policy=0&#038;cc_lang_pref=&#038;iv_load_policy=1&#038;loop=1&#038;playlist=afMXe496eH4&#038;rel=0&#038;fs=1&#038;playsinline=1&#038;autohide=2&#038;theme=dark&#038;color=red&#038;controls=1&#038;disablekb=0&#038;\" class=\"__youtube_prefs__  epyt-is-override  no-lazyload\" title=\"\u03a7\u0397\u039c\u0395\u0399\u0391 - \u0394\u03c1\u03b1\u03c3\u03c4\u03b7\u03c1\u03b9\u03cc\u03c4\u03b7\u03c4\u03b1 2\"  allow=\"fullscreen; accelerometer; autoplay; clipboard-write; encrypted-media; gyroscope; picture-in-picture; web-share\" referrerpolicy=\"strict-origin-when-cross-origin\" allowfullscreen data-no-lazy=\"1\" data-skipgform_ajax_framebjll=\"\"><\/iframe><\/p>\n<h3> Activit\u00e9 3 <\/ h3><br \/>\n<iframe loading=\"lazy\"  style=\"display: block; margin: 0px auto;\"  id=\"_ytid_55646\"  width=\"480\" height=\"270\"  data-origwidth=\"480\" data-origheight=\"270\" src=\"https:\/\/www.youtube.com\/embed\/lRpaj4aFy9A?enablejsapi=1&#038;autoplay=1&#038;cc_load_policy=0&#038;cc_lang_pref=&#038;iv_load_policy=1&#038;loop=1&#038;playlist=lRpaj4aFy9A&#038;rel=0&#038;fs=1&#038;playsinline=1&#038;autohide=2&#038;theme=dark&#038;color=red&#038;controls=1&#038;disablekb=0&#038;\" class=\"__youtube_prefs__  epyt-is-override  no-lazyload\" title=\"\u03a7\u0397\u039c\u0395\u0399\u0391 - \u0394\u03c1\u03b1\u03c3\u03c4\u03b7\u03c1\u03b9\u03cc\u03c4\u03b7\u03c4\u03b1 3\"  allow=\"fullscreen; accelerometer; autoplay; clipboard-write; encrypted-media; gyroscope; picture-in-picture; web-share\" referrerpolicy=\"strict-origin-when-cross-origin\" allowfullscreen data-no-lazy=\"1\" data-skipgform_ajax_framebjll=\"\"><\/iframe><\/p>\n","protected":false},"excerpt":{"rendered":"<p>Use the teacher&#8217;s guide and student manual to perform the activities described. You can use special cards from card file . Activit\u00e9 1 Activit\u00e9 2 Activit\u00e9 3<\/p>\n","protected":false},"author":1,"featured_media":0,"parent":287,"menu_order":0,"comment_status":"closed","ping_status":"closed","template":"page_with_sidebar.php","meta":{"_bbp_topic_count":0,"_bbp_reply_count":0,"_bbp_total_topic_count":0,"_bbp_total_reply_count":0,"_bbp_voice_count":0,"_bbp_anonymous_reply_count":0,"_bbp_topic_count_hidden":0,"_bbp_reply_count_hidden":0,"_bbp_forum_subforum_count":0,"footnotes":""},"class_list":["post-1257","page","type-page","status-publish","hentry"],"_links":{"self":[{"href":"http:\/\/synthesis.ipet.gr\/portal\/wp-json\/wp\/v2\/pages\/1257","targetHints":{"allow":["GET"]}}],"collection":[{"href":"http:\/\/synthesis.ipet.gr\/portal\/wp-json\/wp\/v2\/pages"}],"about":[{"href":"http:\/\/synthesis.ipet.gr\/portal\/wp-json\/wp\/v2\/types\/page"}],"author":[{"embeddable":true,"href":"http:\/\/synthesis.ipet.gr\/portal\/wp-json\/wp\/v2\/users\/1"}],"replies":[{"embeddable":true,"href":"http:\/\/synthesis.ipet.gr\/portal\/wp-json\/wp\/v2\/comments?post=1257"}],"version-history":[{"count":5,"href":"http:\/\/synthesis.ipet.gr\/portal\/wp-json\/wp\/v2\/pages\/1257\/revisions"}],"predecessor-version":[{"id":2341,"href":"http:\/\/synthesis.ipet.gr\/portal\/wp-json\/wp\/v2\/pages\/1257\/revisions\/2341"}],"up":[{"embeddable":true,"href":"http:\/\/synthesis.ipet.gr\/portal\/wp-json\/wp\/v2\/pages\/287"}],"wp:attachment":[{"href":"http:\/\/synthesis.ipet.gr\/portal\/wp-json\/wp\/v2\/media?parent=1257"}],"curies":[{"name":"wp","href":"https:\/\/api.w.org\/{rel}","templated":true}]}}